{"id":529,"date":"2023-07-19T03:07:03","date_gmt":"2023-07-19T00:07:03","guid":{"rendered":"https:\/\/www.biltek.net.tr\/?page_id=529"},"modified":"2023-07-19T03:07:03","modified_gmt":"2023-07-19T00:07:03","slug":"hakkimizda","status":"publish","type":"page","link":"https:\/\/www.biltek.net.tr\/blog\/hakkimizda","title":{"rendered":"Hakk\u0131m\u0131zda"},"content":{"rendered":"<p>Biltek bili\u015fim teknolojileri \u015firketiniz veya markan\u0131z i\u00e7in digital \u00e7\u00f6z\u00fcmler ar\u0131yorsan\u0131z, profesyonel ve tecr\u00fcbeli ekibimizden destek alabilirsiniz. \u00d6zg\u00fcn tasar\u0131mlar sonu\u00e7 odakl\u0131 \u00e7al\u0131\u015fmalar ile tam hizmet ajans\u0131 olmay\u0131 hedefleyen firmam\u0131z her zaman yenilik\u00e7i ve teknoloji dostu \u00e7al\u0131\u015fmalar ile hizmet vermektedir.<\/p>\n","protected":false},"excerpt":{"rendered":"<div class=\"mh-excerpt\"><p>Biltek bili\u015fim teknolojileri \u015firketiniz veya markan\u0131z i\u00e7in digital \u00e7\u00f6z\u00fcmler ar\u0131yorsan\u0131z, profesyonel ve tecr\u00fcbeli ekibimizden destek alabilirsiniz. \u00d6zg\u00fcn tasar\u0131mlar sonu\u00e7 odakl\u0131 \u00e7al\u0131\u015fmalar ile tam hizmet ajans\u0131 <a class=\"mh-excerpt-more\" href=\"https:\/\/www.biltek.net.tr\/blog\/hakkimizda\" title=\"Hakk\u0131m\u0131zda\">[&#8230;]<\/a><\/p>\n<\/div>","protected":false},"author":2,"featured_media":0,"parent":0,"menu_order":0,"comment_status":"closed","ping_status":"closed","template":"","meta":{"footnotes":""},"class_list":["post-529","page","type-page","status-publish","hentry"],"_links":{"self":[{"href":"https:\/\/www.biltek.net.tr\/blog\/wp-json\/wp\/v2\/pages\/529","targetHints":{"allow":["GET"]}}],"collection":[{"href":"https:\/\/www.biltek.net.tr\/blog\/wp-json\/wp\/v2\/pages"}],"about":[{"href":"https:\/\/www.biltek.net.tr\/blog\/wp-json\/wp\/v2\/types\/page"}],"author":[{"embeddable":true,"href":"https:\/\/www.biltek.net.tr\/blog\/wp-json\/wp\/v2\/users\/2"}],"replies":[{"embeddable":true,"href":"https:\/\/www.biltek.net.tr\/blog\/wp-json\/wp\/v2\/comments?post=529"}],"version-history":[{"count":0,"href":"https:\/\/www.biltek.net.tr\/blog\/wp-json\/wp\/v2\/pages\/529\/revisions"}],"wp:attachment":[{"href":"https:\/\/www.biltek.net.tr\/blog\/wp-json\/wp\/v2\/media?parent=529"}],"curies":[{"name":"wp","href":"https:\/\/api.w.org\/{rel}","templated":true}]}}